{"id":100,"date":"2022-11-11T09:40:57","date_gmt":"2022-11-11T08:40:57","guid":{"rendered":"https:\/\/obliczaalgebry.up.krakow.pl\/v\/?page_id=100"},"modified":"2025-03-31T11:33:53","modified_gmt":"2025-03-31T09:33:53","slug":"abstrakty","status":"publish","type":"page","link":"https:\/\/obliczaalgebry.uken.krakow.pl\/vi\/abstrakty\/","title":{"rendered":"Abstrakty"},"content":{"rendered":"<p>Abstrakt nale\u017cy przygotowa\u0107 w LaTeX przy u\u017cyciu poni\u017cszego szablonu, a nast\u0119pnie wys\u0142a\u0107 plik .tex oraz pdf na adres: algebra@up.krakow.pl<\/p>\n<p><a href=\"http:\/\/obliczaalgebry.uken.krakow.pl\/vi\/wp-content\/uploads\/sites\/9\/2025\/03\/OA_Abstrakt.pdf\">plik \u017ar\u00f3d\u0142owy LaTeX<\/a><br \/>\n<a href=\"http:\/\/obliczaalgebry.uken.krakow.pl\/vi\/wp-content\/uploads\/sites\/9\/2025\/03\/OA_Abstrakt_PDF.pdf\">plik pdf abstraktu<\/a><\/p>\n<p>Abstrakty wszystkich wyk\u0142ad\u00f3w i referat\u00f3w, kt\u00f3re zostan\u0105 wyg\u0142oszone podczas konferencji zostan\u0105 udost\u0119pnione w p\u00f3\u017aniejszym terminie<\/p>\n","protected":false},"excerpt":{"rendered":"<p>Abstrakt nale\u017cy przygotowa\u0107 w LaTeX przy u\u017cyciu poni\u017cszego szablonu, a nast\u0119pnie wys\u0142a\u0107 plik .tex oraz pdf na adres: algebra@up.krakow.pl plik \u017ar\u00f3d\u0142owy LaTeX plik pdf abstraktu &hellip;<\/p>\n","protected":false},"author":2,"featured_media":0,"parent":0,"menu_order":0,"comment_status":"closed","ping_status":"closed","template":"","meta":{"footnotes":""},"class_list":["post-100","page","type-page","status-publish","hentry"],"_links":{"self":[{"href":"https:\/\/obliczaalgebry.uken.krakow.pl\/vi\/wp-json\/wp\/v2\/pages\/100","targetHints":{"allow":["GET"]}}],"collection":[{"href":"https:\/\/obliczaalgebry.uken.krakow.pl\/vi\/wp-json\/wp\/v2\/pages"}],"about":[{"href":"https:\/\/obliczaalgebry.uken.krakow.pl\/vi\/wp-json\/wp\/v2\/types\/page"}],"author":[{"embeddable":true,"href":"https:\/\/obliczaalgebry.uken.krakow.pl\/vi\/wp-json\/wp\/v2\/users\/2"}],"replies":[{"embeddable":true,"href":"https:\/\/obliczaalgebry.uken.krakow.pl\/vi\/wp-json\/wp\/v2\/comments?post=100"}],"version-history":[{"count":9,"href":"https:\/\/obliczaalgebry.uken.krakow.pl\/vi\/wp-json\/wp\/v2\/pages\/100\/revisions"}],"predecessor-version":[{"id":551,"href":"https:\/\/obliczaalgebry.uken.krakow.pl\/vi\/wp-json\/wp\/v2\/pages\/100\/revisions\/551"}],"wp:attachment":[{"href":"https:\/\/obliczaalgebry.uken.krakow.pl\/vi\/wp-json\/wp\/v2\/media?parent=100"}],"curies":[{"name":"wp","href":"https:\/\/api.w.org\/{rel}","templated":true}]}}