{"id":102,"date":"2022-11-11T09:41:25","date_gmt":"2022-11-11T08:41:25","guid":{"rendered":"https:\/\/obliczaalgebry.up.krakow.pl\/v\/?page_id=102"},"modified":"2025-01-28T10:37:42","modified_gmt":"2025-01-28T09:37:42","slug":"data-i-miejsce","status":"publish","type":"page","link":"https:\/\/obliczaalgebry.uken.krakow.pl\/vi\/data-i-miejsce\/","title":{"rendered":"Data i Miejsce"},"content":{"rendered":"<p>Konferencja odb\u0119dzie si\u0119 w spos\u00f3b stacjonarny w dniach 22-25 maja 2025 roku w budynku g\u0142\u00f3wnym Uniwersytetu Komisji Edukacji Narodowej w Krakowie przy ul. Podchor\u0105\u017cych 2, w Auli A1, sali 110N oraz sali 111N (wej\u015bcie od ul. Adama Chmiela).<\/p>\n<p>Lokalizacja na mapie Krakowa:<br \/>\n<center><br \/>\n<iframe src=\"https:\/\/www.google.com\/maps\/embed?pb=!1m18!1m12!1m3!1d19334.291417066623!2d19.883443056547772!3d50.07699599914427!2m3!1f0!2f0!3f0!3m2!1i1024!2i768!4f13.1!3m3!1m2!1s0x47165bb0c172b203%3A0x15a71d3ed97809d2!2sPedagogical%20University%20of%20Krakow!5e0!3m2!1sen!2spl!4v1685336060131!5m2!1sen!2spl\" width=\"600\" height=\"450\" style=\"border:0;\" allowfullscreen=\"\" loading=\"lazy\" referrerpolicy=\"no-referrer-when-downgrade\"><\/iframe><br \/>\n<\/center><\/p>\n","protected":false},"excerpt":{"rendered":"<p>Konferencja odb\u0119dzie si\u0119 w spos\u00f3b stacjonarny w dniach 22-25 maja 2025 roku w budynku g\u0142\u00f3wnym Uniwersytetu Komisji Edukacji Narodowej w Krakowie przy ul. Podchor\u0105\u017cych 2, &hellip;<\/p>\n","protected":false},"author":2,"featured_media":0,"parent":0,"menu_order":0,"comment_status":"closed","ping_status":"closed","template":"","meta":{"footnotes":""},"class_list":["post-102","page","type-page","status-publish","hentry"],"_links":{"self":[{"href":"https:\/\/obliczaalgebry.uken.krakow.pl\/vi\/wp-json\/wp\/v2\/pages\/102","targetHints":{"allow":["GET"]}}],"collection":[{"href":"https:\/\/obliczaalgebry.uken.krakow.pl\/vi\/wp-json\/wp\/v2\/pages"}],"about":[{"href":"https:\/\/obliczaalgebry.uken.krakow.pl\/vi\/wp-json\/wp\/v2\/types\/page"}],"author":[{"embeddable":true,"href":"https:\/\/obliczaalgebry.uken.krakow.pl\/vi\/wp-json\/wp\/v2\/users\/2"}],"replies":[{"embeddable":true,"href":"https:\/\/obliczaalgebry.uken.krakow.pl\/vi\/wp-json\/wp\/v2\/comments?post=102"}],"version-history":[{"count":23,"href":"https:\/\/obliczaalgebry.uken.krakow.pl\/vi\/wp-json\/wp\/v2\/pages\/102\/revisions"}],"predecessor-version":[{"id":525,"href":"https:\/\/obliczaalgebry.uken.krakow.pl\/vi\/wp-json\/wp\/v2\/pages\/102\/revisions\/525"}],"wp:attachment":[{"href":"https:\/\/obliczaalgebry.uken.krakow.pl\/vi\/wp-json\/wp\/v2\/media?parent=102"}],"curies":[{"name":"wp","href":"https:\/\/api.w.org\/{rel}","templated":true}]}}