{"id":104,"date":"2022-11-11T09:41:40","date_gmt":"2022-11-11T08:41:40","guid":{"rendered":"https:\/\/obliczaalgebry.up.krakow.pl\/v\/?page_id=104"},"modified":"2025-01-27T09:05:55","modified_gmt":"2025-01-27T08:05:55","slug":"dojazd","status":"publish","type":"page","link":"https:\/\/obliczaalgebry.uken.krakow.pl\/vi\/dojazd\/","title":{"rendered":"Dojazd"},"content":{"rendered":"<p>Sugerujemy u\u017cycie poni\u017cszego linku, w celu wyszukania dojazdu komunikacj\u0105 miejsk\u0105 do budynku g\u0142\u00f3wnego Uniwersytetu Komisji Edukacji Narodowej.<br \/>\n<u><strong><a href=\"https:\/\/jakdojade.pl\/krakow\/trasa\/?fn=Teatr%20S%C5%82owackiego&amp;tn=Uniwersytet%20Pedagogiczny&amp;tc=50.07361:19.90996&amp;fc=50.064825:19.944057\" target=\"_blank\" rel=\"noopener\">Dojazd z rejonu Dworca G\u0142\u00f3wnego (PKP i MDA)<\/a><\/strong><\/u><br \/>\n<!-- hdghdgdhhgfdh--><br \/>\n&nbsp;<\/p>\n","protected":false},"excerpt":{"rendered":"<p>Sugerujemy u\u017cycie poni\u017cszego linku, w celu wyszukania dojazdu komunikacj\u0105 miejsk\u0105 do budynku g\u0142\u00f3wnego Uniwersytetu Komisji Edukacji Narodowej. Dojazd z rejonu Dworca G\u0142\u00f3wnego (PKP i MDA) &hellip;<\/p>\n","protected":false},"author":2,"featured_media":0,"parent":0,"menu_order":0,"comment_status":"closed","ping_status":"closed","template":"","meta":{"footnotes":""},"class_list":["post-104","page","type-page","status-publish","hentry"],"_links":{"self":[{"href":"https:\/\/obliczaalgebry.uken.krakow.pl\/vi\/wp-json\/wp\/v2\/pages\/104","targetHints":{"allow":["GET"]}}],"collection":[{"href":"https:\/\/obliczaalgebry.uken.krakow.pl\/vi\/wp-json\/wp\/v2\/pages"}],"about":[{"href":"https:\/\/obliczaalgebry.uken.krakow.pl\/vi\/wp-json\/wp\/v2\/types\/page"}],"author":[{"embeddable":true,"href":"https:\/\/obliczaalgebry.uken.krakow.pl\/vi\/wp-json\/wp\/v2\/users\/2"}],"replies":[{"embeddable":true,"href":"https:\/\/obliczaalgebry.uken.krakow.pl\/vi\/wp-json\/wp\/v2\/comments?post=104"}],"version-history":[{"count":8,"href":"https:\/\/obliczaalgebry.uken.krakow.pl\/vi\/wp-json\/wp\/v2\/pages\/104\/revisions"}],"predecessor-version":[{"id":516,"href":"https:\/\/obliczaalgebry.uken.krakow.pl\/vi\/wp-json\/wp\/v2\/pages\/104\/revisions\/516"}],"wp:attachment":[{"href":"https:\/\/obliczaalgebry.uken.krakow.pl\/vi\/wp-json\/wp\/v2\/media?parent=104"}],"curies":[{"name":"wp","href":"https:\/\/api.w.org\/{rel}","templated":true}]}}