{"id":106,"date":"2022-11-11T09:41:54","date_gmt":"2022-11-11T08:41:54","guid":{"rendered":"https:\/\/obliczaalgebry.up.krakow.pl\/v\/?page_id=106"},"modified":"2025-01-28T08:59:12","modified_gmt":"2025-01-28T07:59:12","slug":"krakow","status":"publish","type":"page","link":"https:\/\/obliczaalgebry.uken.krakow.pl\/vi\/krakow\/","title":{"rendered":"Krak\u00f3w"},"content":{"rendered":"<p>Zach\u0119camy do odwiedzenia strony:<a href=\"http:\/\/www.krakow.pl\/\">\u00a0<u>http:\/\/www.krakow.pl<\/u><\/a>, na kt\u00f3rej znajdziemy przydatne informacje dotycz\u0105ce miasta Krak\u00f3w, w tym aktualne informacje dotycz\u0105ce wydarze\u0144 oraz transportu.<\/p>\n<p>W budynku g\u0142\u00f3wnym Uniwersytetu znajduje si\u0119 sto\u0142\u00f3wka, w kt\u00f3rej mo\u017cna zakupi\u0107 \u015bniadania.<br \/>\nW pobli\u017cu budynku g\u0142\u00f3wnego jest wiele miejsc, gdzie mo\u017cna zje\u015b\u0107 dobre \u015bniadanie lub kolacje w przyst\u0119pnej cenie (strona internetowa, je\u015bli istnieje, zosta\u0142a podlinkowana do nazwy obiektu), m.in.:<\/p>\n<p><a href=\"https:\/\/www.facebook.com\/bistro.piast\"><u>sto\u0142\u00f3wka w hotelu &#8222;Piast&#8221;\u00a0<\/u><\/a>, ul. Piastowskiej 47,<u><\/u><br \/>\nbar w hotelu &#8222;Za Kolumnami&#8221;, ul. Armii Krajowej 9a,<br \/>\nsto\u0142\u00f3wka przy hotelu &#8222;Krakowiak&#8221;, ul. Armii Krajowej 9,<br \/>\n<span style=\"text-decoration: underline\"><a href=\"https:\/\/wavelove.pl\/\">restauracja &#8222;Wavelove&#8221;<\/a>,<\/span> ul. Podchor\u0105\u017cych 3,<br \/>\nRestauracja &#8222;Kr\u00f3lewski Bar&#8221;, ul. Kr\u00f3lewska 88,<br \/>\nBar orientalny &#8222;Phuong Hoang&#8221;, ul. Kadecka 8,<br \/>\nBar &#8222;\u015awiat Pierog\u00f3w&#8221;, ul. Kr\u00f3lewska 92.<\/p>\n<p>&nbsp;<\/p>\n","protected":false},"excerpt":{"rendered":"<p>Zach\u0119camy do odwiedzenia strony:\u00a0http:\/\/www.krakow.pl, na kt\u00f3rej znajdziemy przydatne informacje dotycz\u0105ce miasta Krak\u00f3w, w tym aktualne informacje dotycz\u0105ce wydarze\u0144 oraz transportu. W budynku g\u0142\u00f3wnym Uniwersytetu znajduje &hellip;<\/p>\n","protected":false},"author":2,"featured_media":0,"parent":0,"menu_order":0,"comment_status":"closed","ping_status":"closed","template":"","meta":{"footnotes":""},"class_list":["post-106","page","type-page","status-publish","hentry"],"_links":{"self":[{"href":"https:\/\/obliczaalgebry.uken.krakow.pl\/vi\/wp-json\/wp\/v2\/pages\/106","targetHints":{"allow":["GET"]}}],"collection":[{"href":"https:\/\/obliczaalgebry.uken.krakow.pl\/vi\/wp-json\/wp\/v2\/pages"}],"about":[{"href":"https:\/\/obliczaalgebry.uken.krakow.pl\/vi\/wp-json\/wp\/v2\/types\/page"}],"author":[{"embeddable":true,"href":"https:\/\/obliczaalgebry.uken.krakow.pl\/vi\/wp-json\/wp\/v2\/users\/2"}],"replies":[{"embeddable":true,"href":"https:\/\/obliczaalgebry.uken.krakow.pl\/vi\/wp-json\/wp\/v2\/comments?post=106"}],"version-history":[{"count":12,"href":"https:\/\/obliczaalgebry.uken.krakow.pl\/vi\/wp-json\/wp\/v2\/pages\/106\/revisions"}],"predecessor-version":[{"id":514,"href":"https:\/\/obliczaalgebry.uken.krakow.pl\/vi\/wp-json\/wp\/v2\/pages\/106\/revisions\/514"}],"wp:attachment":[{"href":"https:\/\/obliczaalgebry.uken.krakow.pl\/vi\/wp-json\/wp\/v2\/media?parent=106"}],"curies":[{"name":"wp","href":"https:\/\/api.w.org\/{rel}","templated":true}]}}