{"id":108,"date":"2022-11-11T09:42:21","date_gmt":"2022-11-11T08:42:21","guid":{"rendered":"https:\/\/obliczaalgebry.up.krakow.pl\/v\/?page_id=108"},"modified":"2025-01-15T09:55:17","modified_gmt":"2025-01-15T08:55:17","slug":"kontakt","status":"publish","type":"page","link":"https:\/\/obliczaalgebry.uken.krakow.pl\/vi\/kontakt\/","title":{"rendered":"Kontakt"},"content":{"rendered":"<p>Instytut Matematyki<br \/>\nUniwersytet Komisji Edukacji Narodowej w Krakowie<br \/>\n30-084 Krak\u00f3w<br \/>\nul. Podchor\u0105\u017cych 2<\/p>\n<p>&nbsp;<\/p>\n<p><em>Email:<\/em> algebra@uken.krakow.pl<\/p>\n<p>&nbsp;<\/p>\n<p>&nbsp;<\/p>\n<p><em>Strony WWW poprzednich edycji: <\/em><\/p>\n<p><a href=\"https:\/\/obliczaalgebry.uken.krakow.pl\/v\/\">https:\/\/obliczaalgebry.uken.krakow.pl\/v\/<\/a><\/p>\n<p><u><a href=\"https:\/\/algebra.uken.krakow.pl\/IV\/\">https:\/\/algebra.uken.krakow.pl\/IV\/<\/a><u><\/p>\n<p><u><a href=\"http:\/\/algebra.uken.krakow.pl\/III\">http:\/\/algebra.uken.krakow.pl\/III<\/a><\/u><\/p>\n<p><u><a href=\"http:\/\/algebra.uken.krakow.pl\/II\">http:\/\/algebra.uken.krakow.pl\/II<\/a><\/u><\/p>\n<p><u><a href=\"http:\/\/algebra.uken.krakow.pl\/I\">http:\/\/algebra.uken.krakow.pl\/I<\/a><\/u><\/p>\n","protected":false},"excerpt":{"rendered":"<p>Instytut Matematyki Uniwersytet Komisji Edukacji Narodowej w Krakowie 30-084 Krak\u00f3w ul. Podchor\u0105\u017cych 2 &nbsp; Email: algebra@uken.krakow.pl &nbsp; &nbsp; Strony WWW poprzednich edycji: https:\/\/obliczaalgebry.uken.krakow.pl\/v\/ https:\/\/algebra.uken.krakow.pl\/IV\/ http:\/\/algebra.uken.krakow.pl\/III &hellip;<\/p>\n","protected":false},"author":2,"featured_media":0,"parent":0,"menu_order":0,"comment_status":"closed","ping_status":"closed","template":"","meta":{"footnotes":""},"class_list":["post-108","page","type-page","status-publish","hentry"],"_links":{"self":[{"href":"https:\/\/obliczaalgebry.uken.krakow.pl\/vi\/wp-json\/wp\/v2\/pages\/108","targetHints":{"allow":["GET"]}}],"collection":[{"href":"https:\/\/obliczaalgebry.uken.krakow.pl\/vi\/wp-json\/wp\/v2\/pages"}],"about":[{"href":"https:\/\/obliczaalgebry.uken.krakow.pl\/vi\/wp-json\/wp\/v2\/types\/page"}],"author":[{"embeddable":true,"href":"https:\/\/obliczaalgebry.uken.krakow.pl\/vi\/wp-json\/wp\/v2\/users\/2"}],"replies":[{"embeddable":true,"href":"https:\/\/obliczaalgebry.uken.krakow.pl\/vi\/wp-json\/wp\/v2\/comments?post=108"}],"version-history":[{"count":7,"href":"https:\/\/obliczaalgebry.uken.krakow.pl\/vi\/wp-json\/wp\/v2\/pages\/108\/revisions"}],"predecessor-version":[{"id":493,"href":"https:\/\/obliczaalgebry.uken.krakow.pl\/vi\/wp-json\/wp\/v2\/pages\/108\/revisions\/493"}],"wp:attachment":[{"href":"https:\/\/obliczaalgebry.uken.krakow.pl\/vi\/wp-json\/wp\/v2\/media?parent=108"}],"curies":[{"name":"wp","href":"https:\/\/api.w.org\/{rel}","templated":true}]}}