{"id":161,"date":"2022-11-28T14:05:22","date_gmt":"2022-11-28T13:05:22","guid":{"rendered":"https:\/\/obliczaalgebry.up.krakow.pl\/v\/?page_id=161"},"modified":"2025-01-27T08:04:40","modified_gmt":"2025-01-27T07:04:40","slug":"formularz","status":"publish","type":"page","link":"https:\/\/obliczaalgebry.uken.krakow.pl\/vi\/formularz\/","title":{"rendered":"Formularz rejestracyjny"},"content":{"rendered":"<div role=\"form\" class=\"wpcf7\" id=\"wpcf7-f154-o1\" lang=\"pl-PL\" dir=\"ltr\">\n<div class=\"screen-reader-response\"><p role=\"status\" aria-live=\"polite\" aria-atomic=\"true\"><\/p> <ul><\/ul><\/div>\n<form action=\"\/vi\/wp-json\/wp\/v2\/pages\/161#wpcf7-f154-o1\" method=\"post\" class=\"wpcf7-form init\" novalidate=\"novalidate\" data-status=\"init\">\n<div style=\"display: none;\">\n<input type=\"hidden\" name=\"_wpcf7\" value=\"154\" \/>\n<input type=\"hidden\" name=\"_wpcf7_version\" value=\"5.6.4\" \/>\n<input type=\"hidden\" name=\"_wpcf7_locale\" value=\"pl_PL\" \/>\n<input type=\"hidden\" name=\"_wpcf7_unit_tag\" value=\"wpcf7-f154-o1\" \/>\n<input type=\"hidden\" name=\"_wpcf7_container_post\" value=\"0\" \/>\n<input type=\"hidden\" name=\"_wpcf7_posted_data_hash\" value=\"\" \/>\n<\/div>\n<h4>Dane osobowe<\/h4>\n<p><label> Imi\u0119 (wymagane)<br \/>\n    <span class=\"wpcf7-form-control-wrap\" data-name=\"first-name\"><input type=\"text\" name=\"first-name\" value=\"\" size=\"40\" class=\"wpcf7-form-control wpcf7-text wpcf7-validates-as-required\" aria-required=\"true\" aria-invalid=\"false\" placeholder=\"Prosz\u0119 wpisa\u0107 imi\u0119\" \/><\/span> <\/label><\/p>\n<p><label> Nazwisko (wymagane)<br \/>\n    <span class=\"wpcf7-form-control-wrap\" data-name=\"surname\"><input type=\"text\" name=\"surname\" value=\"\" size=\"40\" class=\"wpcf7-form-control wpcf7-text wpcf7-validates-as-required\" aria-required=\"true\" aria-invalid=\"false\" placeholder=\"Prosz\u0119 wpisa\u0107 nazwisko\" \/><\/span> <\/label><\/p>\n<p><label> Tytu\u0142\/stopie\u0144 (wymagane)<br \/>\n  <span class=\"wpcf7-form-control-wrap\" data-name=\"tytul\"><input type=\"text\" name=\"tytul\" value=\"\" size=\"40\" class=\"wpcf7-form-control wpcf7-text wpcf7-validates-as-required\" aria-required=\"true\" aria-invalid=\"false\" placeholder=\"Prosz\u0119 wpisa\u0107 tytu\u0142\/stopie\u0144\" \/><\/span> <\/label><\/p>\n<p><label> E-mail (wymagane)<br \/>\n    <span class=\"wpcf7-form-control-wrap\" data-name=\"email\"><input type=\"email\" name=\"email\" value=\"\" size=\"40\" class=\"wpcf7-form-control wpcf7-text wpcf7-email wpcf7-validates-as-required wpcf7-validates-as-email\" aria-required=\"true\" aria-invalid=\"false\" placeholder=\"Prosze wpisa\u0107 email\" \/><\/span> <\/label><\/p>\n<h4>Afiliacja<\/h4>\n<p><label> Jednostka (wymagane)<br \/>\n    <span class=\"wpcf7-form-control-wrap\" data-name=\"jednostka\"><input type=\"text\" name=\"jednostka\" value=\"\" size=\"40\" class=\"wpcf7-form-control wpcf7-text wpcf7-validates-as-required\" aria-required=\"true\" aria-invalid=\"false\" placeholder=\"Prosz\u0119 wpisa\u0107 nazw\u0119 instytutu\/jednostki\" \/><\/span> <\/label><\/p>\n<p><label> Uczelnia (wymagane)<br \/>\n    <span class=\"wpcf7-form-control-wrap\" data-name=\"uczelnia\"><input type=\"text\" name=\"uczelnia\" value=\"\" size=\"40\" class=\"wpcf7-form-control wpcf7-text wpcf7-validates-as-required\" aria-required=\"true\" aria-invalid=\"false\" placeholder=\"Prosz\u0119 wpisa\u0107 nazw\u0119 uczelni\" \/><\/span> <\/label><\/p>\n<p><label> Miasto (wymagane)<br \/>\n    <span class=\"wpcf7-form-control-wrap\" data-name=\"miasto\"><input type=\"text\" name=\"miasto\" value=\"\" size=\"40\" class=\"wpcf7-form-control wpcf7-text wpcf7-validates-as-required\" aria-required=\"true\" aria-invalid=\"false\" placeholder=\"Prosz\u0119 wpisa\u0107 nazw\u0119 miasta\" \/><\/span> <\/label><\/p>\n<h4>Udzia\u0142<\/h4>\n<p><label> Forma udzia\u0142u (wymagane)<br \/>\n   <span class=\"wpcf7-form-control-wrap\" data-name=\"registration_type\"><select name=\"registration_type\" class=\"wpcf7-form-control wpcf7-select wpcf7-validates-as-required\" aria-required=\"true\" aria-invalid=\"false\"><option value=\"\">prosz\u0119 wybra\u0107<\/option><option value=\"udzia\u0142 bez referatu\">udzia\u0142 bez referatu<\/option><option value=\"udzia\u0142 z referatem\">udzia\u0142 z referatem<\/option><\/select><\/span> <\/label><br \/>\n<label> Tytu\u0142 wyst\u0105pienia<br \/>\n    <span class=\"wpcf7-form-control-wrap\" data-name=\"tytul_wystapienia\"><input type=\"text\" name=\"tytul_wystapienia\" value=\"\" size=\"40\" class=\"wpcf7-form-control wpcf7-text\" aria-invalid=\"false\" placeholder=\"Prosz\u0119 wpisa\u0107 tytu\u0142 wyst\u0105pienia\" \/><\/span> <\/label><\/p>\n<h4>Faktura<\/h4>\n<p><label> Numer NIP<br \/>\n    <span class=\"wpcf7-form-control-wrap\" data-name=\"nip_nr\"><input type=\"text\" name=\"nip_nr\" value=\"\" size=\"40\" class=\"wpcf7-form-control wpcf7-text\" aria-invalid=\"false\" placeholder=\"Prosz\u0119 wpisa\u0107 numer NIP odbiorcy\" \/><\/span> <\/label><\/p>\n<p><label> Nazwa odbiorcy<br \/>\n    <span class=\"wpcf7-form-control-wrap\" data-name=\"nip_odbiorca\"><input type=\"text\" name=\"nip_odbiorca\" value=\"\" size=\"40\" class=\"wpcf7-form-control wpcf7-text\" aria-invalid=\"false\" placeholder=\"Prosz\u0119 wpisa\u0107 nazw\u0119 odbiorcy faktury\" \/><\/span> <\/label><\/p>\n<p><label> Adres odbiorcy<br \/>\n    <span class=\"wpcf7-form-control-wrap\" data-name=\"nip_adres\"><input type=\"text\" name=\"nip_adres\" value=\"\" size=\"40\" class=\"wpcf7-form-control wpcf7-text\" aria-invalid=\"false\" placeholder=\"Prosz\u0119 wpisa\u0107 adres odbiorcy faktury\" \/><\/span> <\/label><\/p>\n<p><label> Uwagi<br \/>\n    <span class=\"wpcf7-form-control-wrap\" data-name=\"uwagi\"><textarea name=\"uwagi\" cols=\"40\" rows=\"10\" class=\"wpcf7-form-control wpcf7-textarea\" aria-invalid=\"false\" placeholder=\"Prosz\u0119 wpisa\u0107 uwagi\"><\/textarea><\/span> <\/label><\/p>\n<input type=\"hidden\" name=\"na-liste\" value=\"0\" class=\"wpcf7-form-control wpcf7-hidden\" \/>\n<div class=\"priv-pol-cnt\">\n<span class=\"wpcf7-form-control-wrap\" data-name=\"privacy-policy\"><span class=\"wpcf7-form-control wpcf7-checkbox wpcf7-validates-as-required\"><span class=\"wpcf7-list-item first last\"><label><input type=\"checkbox\" name=\"privacy-policy[]\" value=\"Tak\" \/><span class=\"wpcf7-list-item-label\">Tak<\/span><\/label><\/span><\/span><\/span><span class=\"priv-pol\">, Wyra\u017cam zgod\u0119 na przetwarzanie przez Uniwersytet Komisji Edukacji Narodowej w Krakowie moich danych osobowych podanych w formularzu rejestracyjnym w sprawach zwi\u0105zanych z organizacj\u0105 konferencji, zgodnie z Rozporz\u0105dzeniem<br \/>\n\t Parlamentu Europejskiego i Rady (UE) 2016\/679 z dnia 27 kwietnia 2016 r. w sprawie ochrony os\u00f3b fizycznych w zwi\u0105zku z przetwarzaniem danych osobowych i w sprawie swobodnego przep\u0142ywu takich danych oraz uchylenia dyrektywy 95\/46\/WE oraz zgodnie z klauzul\u0105 informacyjn\u0105. Informacja w sprawie przetwarzania danych osobowych dost\u0119pna jest <a href=\"https:\/\/obliczaalgebry.uken.krakow.pl\/vi\/rodo\/\"> tutaj<\/a><br \/>\n\t - zapozna\u0142em(am) si\u0119 i przyjmuj\u0119 do wiadomo\u015bci te informacje .<\/span><\/p>\n<div>\n<p><span class=\"wpcf7-form-control-wrap\" data-name=\"quiz\"><label><span class=\"wpcf7-quiz-label\">6*4=?<\/span> <input type=\"text\" name=\"quiz\" size=\"40\" class=\"wpcf7-form-control wpcf7-quiz\" autocomplete=\"off\" aria-required=\"true\" aria-invalid=\"false\" \/><\/label><input type=\"hidden\" name=\"_wpcf7_quiz_answer_quiz\" value=\"bd925697aa2b5b3ab17a630b89d8d5d8\" \/><\/span><\/p>\n<p><input type=\"submit\" value=\"Wy\u015blij\" class=\"wpcf7-form-control has-spinner wpcf7-submit\" \/><\/p>\n<div class=\"wpcf7-response-output\" aria-hidden=\"true\"><\/div><\/form><\/div>\n","protected":false},"excerpt":{"rendered":"","protected":false},"author":2,"featured_media":0,"parent":0,"menu_order":0,"comment_status":"closed","ping_status":"closed","template":"","meta":{"footnotes":""},"class_list":["post-161","page","type-page","status-publish","hentry"],"_links":{"self":[{"href":"https:\/\/obliczaalgebry.uken.krakow.pl\/vi\/wp-json\/wp\/v2\/pages\/161","targetHints":{"allow":["GET"]}}],"collection":[{"href":"https:\/\/obliczaalgebry.uken.krakow.pl\/vi\/wp-json\/wp\/v2\/pages"}],"about":[{"href":"https:\/\/obliczaalgebry.uken.krakow.pl\/vi\/wp-json\/wp\/v2\/types\/page"}],"author":[{"embeddable":true,"href":"https:\/\/obliczaalgebry.uken.krakow.pl\/vi\/wp-json\/wp\/v2\/users\/2"}],"replies":[{"embeddable":true,"href":"https:\/\/obliczaalgebry.uken.krakow.pl\/vi\/wp-json\/wp\/v2\/comments?post=161"}],"version-history":[{"count":2,"href":"https:\/\/obliczaalgebry.uken.krakow.pl\/vi\/wp-json\/wp\/v2\/pages\/161\/revisions"}],"predecessor-version":[{"id":175,"href":"https:\/\/obliczaalgebry.uken.krakow.pl\/vi\/wp-json\/wp\/v2\/pages\/161\/revisions\/175"}],"wp:attachment":[{"href":"https:\/\/obliczaalgebry.uken.krakow.pl\/vi\/wp-json\/wp\/v2\/media?parent=161"}],"curies":[{"name":"wp","href":"https:\/\/api.w.org\/{rel}","templated":true}]}}