{"id":2,"date":"2022-11-07T09:51:01","date_gmt":"2022-11-07T08:51:01","guid":{"rendered":"https:\/\/obliczaalgebry.up.krakow.pl\/v\/?page_id=2"},"modified":"2023-01-03T15:09:41","modified_gmt":"2023-01-03T14:09:41","slug":"przykladowa-strona","status":"publish","type":"page","link":"https:\/\/obliczaalgebry.uken.krakow.pl\/vi\/","title":{"rendered":"Za\u0142o\u017cenia"},"content":{"rendered":"<p>Zaproszenie do udzia\u0142u w Konferencji jest skierowane przede wszystkim do tych pracownik\u00f3w i doktorant\u00f3w polskich uczelni, kt\u00f3rzy swoje zainteresowania naukowe skierowali ku algebrze i jej zastosowaniom.<\/p>\n<p>Rozw\u00f3j wsp\u00f3\u0142czesnej algebry jest bardzo dynamiczny, a jej wp\u0142yw na r\u00f3\u017cne dzia\u0142y matematyki oraz inne dyscypliny naukowe nieustannie wzrasta.<\/p>\n<p>Celem Konferencji jest prezentacja polskiego wk\u0142adu zar\u00f3wno w rozw\u00f3j tradycyjnych dzia\u0142\u00f3w algebry (jak teoria grup, algebra przemienna i nieprzemienna, algebra uniwersalna,\u2026), jak i jej zastosowa\u0144 (w szczeg\u00f3lno\u015bci w teorii liczb, geometrii algebraicznej i analitycznej, informatyce,\u2026) tak w zarysie historycznym, jak i najbardziej aktualnym.<\/p>\n<p>W ramach obrad przewidziane zosta\u0142y wyk\u0142ady plenarne zaproszonych specjalist\u00f3w (50 min) oraz komunikaty uczestnik\u00f3w (20 min). Wszystkie wyk\u0142ady odbywaj\u0105 si\u0119 w j\u0119zyku polskim.<\/p>\n","protected":false},"excerpt":{"rendered":"<p>Zaproszenie do udzia\u0142u w Konferencji jest skierowane przede wszystkim do tych pracownik\u00f3w i doktorant\u00f3w polskich uczelni, kt\u00f3rzy swoje zainteresowania naukowe skierowali ku algebrze i jej &hellip;<\/p>\n","protected":false},"author":2,"featured_media":0,"parent":0,"menu_order":0,"comment_status":"closed","ping_status":"open","template":"","meta":{"footnotes":""},"class_list":["post-2","page","type-page","status-publish","hentry"],"_links":{"self":[{"href":"https:\/\/obliczaalgebry.uken.krakow.pl\/vi\/wp-json\/wp\/v2\/pages\/2","targetHints":{"allow":["GET"]}}],"collection":[{"href":"https:\/\/obliczaalgebry.uken.krakow.pl\/vi\/wp-json\/wp\/v2\/pages"}],"about":[{"href":"https:\/\/obliczaalgebry.uken.krakow.pl\/vi\/wp-json\/wp\/v2\/types\/page"}],"author":[{"embeddable":true,"href":"https:\/\/obliczaalgebry.uken.krakow.pl\/vi\/wp-json\/wp\/v2\/users\/2"}],"replies":[{"embeddable":true,"href":"https:\/\/obliczaalgebry.uken.krakow.pl\/vi\/wp-json\/wp\/v2\/comments?post=2"}],"version-history":[{"count":5,"href":"https:\/\/obliczaalgebry.uken.krakow.pl\/vi\/wp-json\/wp\/v2\/pages\/2\/revisions"}],"predecessor-version":[{"id":334,"href":"https:\/\/obliczaalgebry.uken.krakow.pl\/vi\/wp-json\/wp\/v2\/pages\/2\/revisions\/334"}],"wp:attachment":[{"href":"https:\/\/obliczaalgebry.uken.krakow.pl\/vi\/wp-json\/wp\/v2\/media?parent=2"}],"curies":[{"name":"wp","href":"https:\/\/api.w.org\/{rel}","templated":true}]}}