{"id":64,"date":"2022-11-11T09:25:07","date_gmt":"2022-11-11T08:25:07","guid":{"rendered":"https:\/\/obliczaalgebry.up.krakow.pl\/v\/?page_id=64"},"modified":"2025-01-30T21:40:17","modified_gmt":"2025-01-30T20:40:17","slug":"zaproszeni-wykladowcy","status":"publish","type":"page","link":"https:\/\/obliczaalgebry.uken.krakow.pl\/vi\/zaproszeni-wykladowcy\/","title":{"rendered":"Zaproszeni Wyk\u0142adowcy"},"content":{"rendered":"<p>dr hab. Pawe\u0142 G\u0142adki (<em>Uniwersytet \u015al\u0105ski<em>)<\/em><\/em><\/p>\n<p>dr hab. Joachim Jelisiejew (<em>Uniwersytet Warszawski<em>)<\/em><\/em><\/p>\n<p>dr hab. Andrzej Wi\u015bnicki (<em>Uniwersytet Przyrodniczy w Lublinie<em>)<\/em><\/em><\/p>\n<p>dr Micha\u0142 Laso\u0144 (<em>Instytut Matematyczny Polskiej Akademii Nauk<em>)<\/em><\/em><\/p>\n<p>dr Jolanta Marzec-Ballesteros (<em>Uniwersytet Adama Mickiewicza<em>)<\/em><\/em><\/p>\n<p>dr in\u017c. Micha\u0142 Stronkowski (<em>Politechnika Warszawska<em>)<\/em><\/em><\/p>\n","protected":false},"excerpt":{"rendered":"<p>dr hab. Pawe\u0142 G\u0142adki (Uniwersytet \u015al\u0105ski) dr hab. Joachim Jelisiejew (Uniwersytet Warszawski) dr hab. Andrzej Wi\u015bnicki (Uniwersytet Przyrodniczy w Lublinie) dr Micha\u0142 Laso\u0144 (Instytut Matematyczny &hellip;<\/p>\n","protected":false},"author":2,"featured_media":0,"parent":0,"menu_order":0,"comment_status":"closed","ping_status":"closed","template":"","meta":{"footnotes":""},"class_list":["post-64","page","type-page","status-publish","hentry"],"_links":{"self":[{"href":"https:\/\/obliczaalgebry.uken.krakow.pl\/vi\/wp-json\/wp\/v2\/pages\/64","targetHints":{"allow":["GET"]}}],"collection":[{"href":"https:\/\/obliczaalgebry.uken.krakow.pl\/vi\/wp-json\/wp\/v2\/pages"}],"about":[{"href":"https:\/\/obliczaalgebry.uken.krakow.pl\/vi\/wp-json\/wp\/v2\/types\/page"}],"author":[{"embeddable":true,"href":"https:\/\/obliczaalgebry.uken.krakow.pl\/vi\/wp-json\/wp\/v2\/users\/2"}],"replies":[{"embeddable":true,"href":"https:\/\/obliczaalgebry.uken.krakow.pl\/vi\/wp-json\/wp\/v2\/comments?post=64"}],"version-history":[{"count":16,"href":"https:\/\/obliczaalgebry.uken.krakow.pl\/vi\/wp-json\/wp\/v2\/pages\/64\/revisions"}],"predecessor-version":[{"id":532,"href":"https:\/\/obliczaalgebry.uken.krakow.pl\/vi\/wp-json\/wp\/v2\/pages\/64\/revisions\/532"}],"wp:attachment":[{"href":"https:\/\/obliczaalgebry.uken.krakow.pl\/vi\/wp-json\/wp\/v2\/media?parent=64"}],"curies":[{"name":"wp","href":"https:\/\/api.w.org\/{rel}","templated":true}]}}