{"id":66,"date":"2022-11-11T09:26:05","date_gmt":"2022-11-11T08:26:05","guid":{"rendered":"https:\/\/obliczaalgebry.up.krakow.pl\/v\/?page_id=66"},"modified":"2025-05-13T09:54:02","modified_gmt":"2025-05-13T07:54:02","slug":"komitet-naukowy","status":"publish","type":"page","link":"https:\/\/obliczaalgebry.uken.krakow.pl\/vi\/komitet-naukowy\/","title":{"rendered":"Komitet Naukowy"},"content":{"rendered":"<p>prof. dr hab. Wojciech Kucharz (<em>Uniwersytet Jagiello\u0144ski<\/em>)<\/p>\n<p>prof. dr hab. Kamil Rusek\u00a0(<em>Uniwersytet Komisji Edukacji Narodowej w Krakowie<\/em>)<\/p>\n<p>prof. dr hab. Stanis\u0142aw Spodzieja (<em>Uniwersytet \u0141\u00f3dzki<\/em>)<\/p>\n<p>dr hab. Katarzyna Korwin-S\u0142omczy\u0144ska\u00a0(<em>Uniwersytet Komisji Edukacji Narodowej w Krakowie<\/em>)<\/p>\n<p>dr hab. Justyna Szpond (<em>Uniwersytet Komisji Edukacji Narodowej w Krakowie<em>)<\/p>\n","protected":false},"excerpt":{"rendered":"<p>prof. dr hab. Wojciech Kucharz (Uniwersytet Jagiello\u0144ski) prof. dr hab. Kamil Rusek\u00a0(Uniwersytet Komisji Edukacji Narodowej w Krakowie) prof. dr hab. Stanis\u0142aw Spodzieja (Uniwersytet \u0141\u00f3dzki) dr &hellip;<\/p>\n","protected":false},"author":2,"featured_media":0,"parent":0,"menu_order":0,"comment_status":"closed","ping_status":"closed","template":"","meta":{"footnotes":""},"class_list":["post-66","page","type-page","status-publish","hentry"],"_links":{"self":[{"href":"https:\/\/obliczaalgebry.uken.krakow.pl\/vi\/wp-json\/wp\/v2\/pages\/66","targetHints":{"allow":["GET"]}}],"collection":[{"href":"https:\/\/obliczaalgebry.uken.krakow.pl\/vi\/wp-json\/wp\/v2\/pages"}],"about":[{"href":"https:\/\/obliczaalgebry.uken.krakow.pl\/vi\/wp-json\/wp\/v2\/types\/page"}],"author":[{"embeddable":true,"href":"https:\/\/obliczaalgebry.uken.krakow.pl\/vi\/wp-json\/wp\/v2\/users\/2"}],"replies":[{"embeddable":true,"href":"https:\/\/obliczaalgebry.uken.krakow.pl\/vi\/wp-json\/wp\/v2\/comments?post=66"}],"version-history":[{"count":10,"href":"https:\/\/obliczaalgebry.uken.krakow.pl\/vi\/wp-json\/wp\/v2\/pages\/66\/revisions"}],"predecessor-version":[{"id":594,"href":"https:\/\/obliczaalgebry.uken.krakow.pl\/vi\/wp-json\/wp\/v2\/pages\/66\/revisions\/594"}],"wp:attachment":[{"href":"https:\/\/obliczaalgebry.uken.krakow.pl\/vi\/wp-json\/wp\/v2\/media?parent=66"}],"curies":[{"name":"wp","href":"https:\/\/api.w.org\/{rel}","templated":true}]}}