{"id":84,"date":"2022-11-11T09:38:25","date_gmt":"2022-11-11T08:38:25","guid":{"rendered":"https:\/\/obliczaalgebry.up.krakow.pl\/v\/?page_id=84"},"modified":"2025-01-30T09:51:46","modified_gmt":"2025-01-30T08:51:46","slug":"rejestracja","status":"publish","type":"page","link":"https:\/\/obliczaalgebry.uken.krakow.pl\/vi\/rejestracja\/","title":{"rendered":"Rejestracja"},"content":{"rendered":"<p>W celu zg\u0142oszenia swojego uczestnictwa w konferencji nale\u017cy wype\u0142ni\u0107 <a href=\"https:\/\/obliczaalgebry.uken.krakow.pl\/vi\/formularz\/\">formularz zg\u0142oszeniowy<\/a><\/p>\n<p>Termin rejestracji na konferencj\u0119: 31 marca 2025 r.<br \/>\nTermin przes\u0142ania abstraktu: 6 kwietnia 2025 r.<br \/>\nTermin og\u0142oszenia listy zaakceptowanych referat\u00f3w: 16 kwietnia 2025 r.<br \/>\nTermin wniesienia op\u0142aty konferencyjnej: 30 kwietnia 2025 r.<\/p>\n","protected":false},"excerpt":{"rendered":"<p>W celu zg\u0142oszenia swojego uczestnictwa w konferencji nale\u017cy wype\u0142ni\u0107 formularz zg\u0142oszeniowy Termin rejestracji na konferencj\u0119: 31 marca 2025 r. Termin przes\u0142ania abstraktu: 6 kwietnia 2025 &hellip;<\/p>\n","protected":false},"author":2,"featured_media":0,"parent":0,"menu_order":0,"comment_status":"closed","ping_status":"closed","template":"","meta":{"footnotes":""},"class_list":["post-84","page","type-page","status-publish","hentry"],"_links":{"self":[{"href":"https:\/\/obliczaalgebry.uken.krakow.pl\/vi\/wp-json\/wp\/v2\/pages\/84","targetHints":{"allow":["GET"]}}],"collection":[{"href":"https:\/\/obliczaalgebry.uken.krakow.pl\/vi\/wp-json\/wp\/v2\/pages"}],"about":[{"href":"https:\/\/obliczaalgebry.uken.krakow.pl\/vi\/wp-json\/wp\/v2\/types\/page"}],"author":[{"embeddable":true,"href":"https:\/\/obliczaalgebry.uken.krakow.pl\/vi\/wp-json\/wp\/v2\/users\/2"}],"replies":[{"embeddable":true,"href":"https:\/\/obliczaalgebry.uken.krakow.pl\/vi\/wp-json\/wp\/v2\/comments?post=84"}],"version-history":[{"count":7,"href":"https:\/\/obliczaalgebry.uken.krakow.pl\/vi\/wp-json\/wp\/v2\/pages\/84\/revisions"}],"predecessor-version":[{"id":528,"href":"https:\/\/obliczaalgebry.uken.krakow.pl\/vi\/wp-json\/wp\/v2\/pages\/84\/revisions\/528"}],"wp:attachment":[{"href":"https:\/\/obliczaalgebry.uken.krakow.pl\/vi\/wp-json\/wp\/v2\/media?parent=84"}],"curies":[{"name":"wp","href":"https:\/\/api.w.org\/{rel}","templated":true}]}}