{"id":86,"date":"2022-11-11T09:38:41","date_gmt":"2022-11-11T08:38:41","guid":{"rendered":"https:\/\/obliczaalgebry.up.krakow.pl\/v\/?page_id=86"},"modified":"2025-02-11T11:24:44","modified_gmt":"2025-02-11T10:24:44","slug":"oplaty","status":"publish","type":"page","link":"https:\/\/obliczaalgebry.uken.krakow.pl\/vi\/oplaty\/","title":{"rendered":"Op\u0142aty"},"content":{"rendered":"<p>Op\u0142ata za udzia\u0142 w konferencji wynosi <span style=\"color: #ff9900\"><strong>550<\/strong><strong>z\u0142<\/strong><\/span>. Op\u0142ata ta pokrywa koszt materia\u0142\u00f3w  konferencyjnych, przerw kawowych, bankietu (kt\u00f3ry odb\u0119dzie si\u0119 24 maja) oraz obiad\u00f3w w dniach 22-24 maja 2025 r.. W dniu 25 maja 2025 r. nie b\u0119dzie wyk\u0142ad\u00f3w i referat\u00f3w, jest to dzie\u0144 odjazd\u00f3w.<\/p>\n<p>Informujemy, \u017ce doktoranci i studenci mog\u0105 ubiega\u0107 si\u0119 o obni\u017cenie op\u0142aty konferencyjnej. W tym celu prosimy o kontakt <a href=\"https:\/\/obliczaalgebry.uken.krakow.pl\/vi\/kontakt\/\">e-mail<\/a> z organizatorami<\/p>\n<p>P\u0142atno\u015b\u0107 nale\u017cy dokona\u0107 przelewem do dnia 30 kwietnia 2025 roku na konto<\/p>\n<p>Uniwersytet Komisji Edukacji Narodowej w Krakowie<\/p>\n<p>Bank Pekao SA oddzia\u0142 w Krakowie<\/p>\n<p>przelew krajowy:<\/p>\n<p>40 1240 6292 1111 0011 2338 2293<\/p>\n<p>przelew zagraniczny:<\/p>\n<p>IBAN PL 78 1240 4722 1978 0000 4851 6422 Kod SWIFT: PKOPPLPW<\/p>\n<p>z dopiskiem: DK-125, imi\u0119 i nazwisko uczestnika (np. DK-125 Jan Kowalski)<\/p>\n<p>W razie rezygnacji wp\u0142ata nie podlega zwrotowi.<\/p>\n","protected":false},"excerpt":{"rendered":"<p>Op\u0142ata za udzia\u0142 w konferencji wynosi 550z\u0142. Op\u0142ata ta pokrywa koszt materia\u0142\u00f3w konferencyjnych, przerw kawowych, bankietu (kt\u00f3ry odb\u0119dzie si\u0119 24 maja) oraz obiad\u00f3w w dniach &hellip;<\/p>\n","protected":false},"author":2,"featured_media":0,"parent":0,"menu_order":0,"comment_status":"closed","ping_status":"closed","template":"","meta":{"footnotes":""},"class_list":["post-86","page","type-page","status-publish","hentry"],"_links":{"self":[{"href":"https:\/\/obliczaalgebry.uken.krakow.pl\/vi\/wp-json\/wp\/v2\/pages\/86","targetHints":{"allow":["GET"]}}],"collection":[{"href":"https:\/\/obliczaalgebry.uken.krakow.pl\/vi\/wp-json\/wp\/v2\/pages"}],"about":[{"href":"https:\/\/obliczaalgebry.uken.krakow.pl\/vi\/wp-json\/wp\/v2\/types\/page"}],"author":[{"embeddable":true,"href":"https:\/\/obliczaalgebry.uken.krakow.pl\/vi\/wp-json\/wp\/v2\/users\/2"}],"replies":[{"embeddable":true,"href":"https:\/\/obliczaalgebry.uken.krakow.pl\/vi\/wp-json\/wp\/v2\/comments?post=86"}],"version-history":[{"count":19,"href":"https:\/\/obliczaalgebry.uken.krakow.pl\/vi\/wp-json\/wp\/v2\/pages\/86\/revisions"}],"predecessor-version":[{"id":544,"href":"https:\/\/obliczaalgebry.uken.krakow.pl\/vi\/wp-json\/wp\/v2\/pages\/86\/revisions\/544"}],"wp:attachment":[{"href":"https:\/\/obliczaalgebry.uken.krakow.pl\/vi\/wp-json\/wp\/v2\/media?parent=86"}],"curies":[{"name":"wp","href":"https:\/\/api.w.org\/{rel}","templated":true}]}}