{"id":88,"date":"2022-11-11T09:38:58","date_gmt":"2022-11-11T08:38:58","guid":{"rendered":"https:\/\/obliczaalgebry.up.krakow.pl\/v\/?page_id=88"},"modified":"2025-01-22T10:44:36","modified_gmt":"2025-01-22T09:44:36","slug":"noclegi","status":"publish","type":"page","link":"https:\/\/obliczaalgebry.uken.krakow.pl\/vi\/noclegi\/","title":{"rendered":"Noclegi"},"content":{"rendered":"<p>Organizatorzy nie zapewniaj\u0105 miejsc noclegowych uczestnikom, jak r\u00f3wnie\u017c nie prowadz\u0105 rezerwacji miejsc noclegowych. Prosimy ka\u017cdego zainteresowanego udzia\u0142em o odpowiednio wczesn\u0105 samodzieln\u0105 rezerwacj\u0119 noclegu.<\/p>\n<p>Poni\u017cej zamieszczamy list\u0119 obiekt\u00f3w, kt\u00f3re ulokowane s\u0105 blisko plac\u00f3wki Uniwersytetu Pedagogicznego, i w kt\u00f3rych mo\u017cna dokonywa\u0107 samodzielnej rezerwacji.<\/p>\n<p>    Hotel \u201eKrakowiak\u201d, ul. Armii Krajowej 9-9a, 30-150 Krak\u00f3w. Bezpo\u015bredni link do strony hotelu: <a href=\"https:\/\/krakowiak.uken.krakow.pl\/\">https:\/\/krakowiak.uken.krakow.pl\/<\/a><br \/>\n    Hotel \u201eZa kolumnami\u201d, ul. Armii Krajowej 9-9a, 30-150 Krak\u00f3w. Bezpo\u015bredni link do strony hotelu: <a href=\"https:\/\/zakolumnami.uken.krakow.pl\/\">zakolumnami.uken.krakow.pl<\/a><br \/>\n    Hotel \u201eNovotel\u201d, ul. Armii Krajowej 11, 30-150 Krak\u00f3w. Bezpo\u015bredni link do strony hotelu: <a href=\"https:\/\/all.accor.com\/hotel\/3407\/index.pl.shtml\">https:\/\/all.accor.com\/hotel\/3407\/index.pl.shtml<\/a><\/p>\n","protected":false},"excerpt":{"rendered":"<p>Organizatorzy nie zapewniaj\u0105 miejsc noclegowych uczestnikom, jak r\u00f3wnie\u017c nie prowadz\u0105 rezerwacji miejsc noclegowych. Prosimy ka\u017cdego zainteresowanego udzia\u0142em o odpowiednio wczesn\u0105 samodzieln\u0105 rezerwacj\u0119 noclegu. Poni\u017cej zamieszczamy &hellip;<\/p>\n","protected":false},"author":2,"featured_media":0,"parent":0,"menu_order":0,"comment_status":"closed","ping_status":"closed","template":"","meta":{"footnotes":""},"class_list":["post-88","page","type-page","status-publish","hentry"],"_links":{"self":[{"href":"https:\/\/obliczaalgebry.uken.krakow.pl\/vi\/wp-json\/wp\/v2\/pages\/88","targetHints":{"allow":["GET"]}}],"collection":[{"href":"https:\/\/obliczaalgebry.uken.krakow.pl\/vi\/wp-json\/wp\/v2\/pages"}],"about":[{"href":"https:\/\/obliczaalgebry.uken.krakow.pl\/vi\/wp-json\/wp\/v2\/types\/page"}],"author":[{"embeddable":true,"href":"https:\/\/obliczaalgebry.uken.krakow.pl\/vi\/wp-json\/wp\/v2\/users\/2"}],"replies":[{"embeddable":true,"href":"https:\/\/obliczaalgebry.uken.krakow.pl\/vi\/wp-json\/wp\/v2\/comments?post=88"}],"version-history":[{"count":9,"href":"https:\/\/obliczaalgebry.uken.krakow.pl\/vi\/wp-json\/wp\/v2\/pages\/88\/revisions"}],"predecessor-version":[{"id":496,"href":"https:\/\/obliczaalgebry.uken.krakow.pl\/vi\/wp-json\/wp\/v2\/pages\/88\/revisions\/496"}],"wp:attachment":[{"href":"https:\/\/obliczaalgebry.uken.krakow.pl\/vi\/wp-json\/wp\/v2\/media?parent=88"}],"curies":[{"name":"wp","href":"https:\/\/api.w.org\/{rel}","templated":true}]}}