{"id":92,"date":"2022-11-11T09:39:37","date_gmt":"2022-11-11T08:39:37","guid":{"rendered":"https:\/\/obliczaalgebry.up.krakow.pl\/v\/?page_id=92"},"modified":"2025-01-15T09:49:18","modified_gmt":"2025-01-15T08:49:18","slug":"rodo","status":"publish","type":"page","link":"https:\/\/obliczaalgebry.uken.krakow.pl\/vi\/rodo\/","title":{"rendered":"RODO"},"content":{"rendered":"<p><strong><u>RODO &#8211; na potrzeby organizowanych konferencji<\/u><\/strong><\/p>\n<p>Zgodnie z art. 13 Rozporz\u0105dzenia Parlamentu Europejskiego i Rady (UE) 2016\/679 z dnia 27 kwietnia 2016 r. w sprawie ochrony os\u00f3b fizycznych w zwi\u0105zku z przetwarzaniem danych osobowych i w sprawie swobodnego przep\u0142ywu takich danych oraz uchylenia dyrektywy 95\/46\/WE (dalej:\u00a0<strong><u>RODO<\/u><\/strong>) Uniwersytet Komisji Edukacji Narodowej informuje, i\u017c:<\/p>\n<p>&#8211; Administratorem Pana\/Pani danych osobowych jest Uniwersytet Komisji Edukacji Narodowej w Krakowie ul. Podchor\u0105\u017cych 2, 30-084 Krak\u00f3w.<\/p>\n<p>&#8211; Administrator powo\u0142a\u0142 Inspektora Ochrony Danych Osobowych adres e-mail: iod@uken.krakow.pl tel. \/12\/ 662 62 06.<\/p>\n<p>&#8211; Pana\/Pani dane osobowe b\u0119d\u0105 przetwarzane w zwi\u0105zku z udzia\u0142em w konferencji\u00a0 Oblicza Algebry VI na podstawie uzyskanej zgody na ich przetwarzanie.<\/p>\n<p>&#8211; Pana\/Pani dane osobowe b\u0119d\u0105 przechowywane do momentu z\u0142o\u017cenia pisemnej pro\u015bby o usuni\u0119cie.<\/p>\n<p>&#8211; Posiada Pan\/Pani prawo dost\u0119pu do swoich danych osobowych, ich sprostowania, usuni\u0119cia lub ograniczenia przetwarzania, lub prawie do wniesienia sprzeciwu wobec przetwarzania, a tak\u017ce prawo do przenoszenia danych.<\/p>\n<p>&#8211; Posiada Pan\/Pani prawo do cofni\u0119cia wyra\u017conej zgody w dowolnym terminie. Wycofanie zgody nie wp\u0142ywa na zgodno\u015b\u0107 z prawem przetwarzania, kt\u00f3rego dokonano na podstawie zgody przed jej wycofaniem.<\/p>\n<p>&#8211; Posiada Pan\/Pani prawo wniesienia skargi do Prezesa Urz\u0119du Ochrony Danych Osobowych.<\/p>\n<p>&#8211; Podanie danych osobowych jest warunkiem niezb\u0119dnym do podj\u0119cia czynno\u015bci zwi\u0105zanych z organizacj\u0105 konferencji.<\/p>\n<p>&#8211; Pani\/Pana dane osobowe nie podlegaj\u0105 zautomatyzowanemu podejmowaniu decyzji, w tym profilowaniu.<\/p>\n","protected":false},"excerpt":{"rendered":"<p>RODO &#8211; na potrzeby organizowanych konferencji Zgodnie z art. 13 Rozporz\u0105dzenia Parlamentu Europejskiego i Rady (UE) 2016\/679 z dnia 27 kwietnia 2016 r. w sprawie &hellip;<\/p>\n","protected":false},"author":2,"featured_media":0,"parent":0,"menu_order":0,"comment_status":"closed","ping_status":"closed","template":"","meta":{"footnotes":""},"class_list":["post-92","page","type-page","status-publish","hentry"],"_links":{"self":[{"href":"https:\/\/obliczaalgebry.uken.krakow.pl\/vi\/wp-json\/wp\/v2\/pages\/92","targetHints":{"allow":["GET"]}}],"collection":[{"href":"https:\/\/obliczaalgebry.uken.krakow.pl\/vi\/wp-json\/wp\/v2\/pages"}],"about":[{"href":"https:\/\/obliczaalgebry.uken.krakow.pl\/vi\/wp-json\/wp\/v2\/types\/page"}],"author":[{"embeddable":true,"href":"https:\/\/obliczaalgebry.uken.krakow.pl\/vi\/wp-json\/wp\/v2\/users\/2"}],"replies":[{"embeddable":true,"href":"https:\/\/obliczaalgebry.uken.krakow.pl\/vi\/wp-json\/wp\/v2\/comments?post=92"}],"version-history":[{"count":4,"href":"https:\/\/obliczaalgebry.uken.krakow.pl\/vi\/wp-json\/wp\/v2\/pages\/92\/revisions"}],"predecessor-version":[{"id":464,"href":"https:\/\/obliczaalgebry.uken.krakow.pl\/vi\/wp-json\/wp\/v2\/pages\/92\/revisions\/464"}],"wp:attachment":[{"href":"https:\/\/obliczaalgebry.uken.krakow.pl\/vi\/wp-json\/wp\/v2\/media?parent=92"}],"curies":[{"name":"wp","href":"https:\/\/api.w.org\/{rel}","templated":true}]}}