{"id":94,"date":"2022-11-11T09:40:09","date_gmt":"2022-11-11T08:40:09","guid":{"rendered":"https:\/\/obliczaalgebry.up.krakow.pl\/v\/?page_id=94"},"modified":"2025-05-14T09:20:53","modified_gmt":"2025-05-14T07:20:53","slug":"program-ramowy","status":"publish","type":"page","link":"https:\/\/obliczaalgebry.uken.krakow.pl\/vi\/program-ramowy\/","title":{"rendered":"Program Ramowy"},"content":{"rendered":"<p>czwartek (22.05.2025):<br \/>\n8:00-9:20 rejestracja<br \/>\n9:20-9:30 rozpocz\u0119cie konferencji<br \/>\n9:30-10:30 wyk\u0142ad 1<br \/>\n10:30-11:00 przerwa kawowa<br \/>\n11:00-12:00 wyk\u0142ad 2<br \/>\n12:00-14:00 obiad<br \/>\n14:00-14:20 referat 1<br \/>\n14:30-14:50 referat 2<br \/>\n15:00-15:20 referat 3<br \/>\n15:30-15:50 referat 4<br \/>\n16:00-16:30 przerwa kawowa<br \/>\n16:30-16:50 referat 5<br \/>\n17:00-17:20 referat 6<br \/>\n17:30-17:50 referat 7<br \/>\n18:00-18:20 referat 8<\/p>\n<p>pi\u0105tek (23.05.2025):<br \/>\n8:30-9:30 wyk\u0142ad 1<br \/>\n9:40-10:40 wyk\u0142ad 2<br \/>\n10:40-11:10 przerwa kawowa<br \/>\n11:10-11:30 referat 1<br \/>\n11:40-12:00 referat 2<br \/>\n12:10-14:10 obiad<br \/>\n14:10-14:30 referat 3<br \/>\n14:40-15:00 referat 4<br \/>\n15:10-15:30 referat 5<br \/>\n15:40-16:00 referat 6<br \/>\n16:10-16:40 przerwa kawowa<br \/>\n16:40-17:00 referat 7<br \/>\n17:10-17:30 referat 8<br \/>\n17:40-18:00 referat 9<br \/>\n18:10-18:30 referat 10<\/p>\n<p>sobota (24.05.2025):<br \/>\n8:30-9:30 wyk\u0142ad 1<br \/>\n9:40-10:40 wyk\u0142ad 2<br \/>\n10:40-11:10 przerwa kawowa<br \/>\n11:10-11:30 referat 1<br \/>\n11:40-12:00 referat 2<br \/>\n12:10-14:10 obiad<br \/>\n14:10-14:30 referat 3<br \/>\n14:40-15:00 referat 4<br \/>\n15:10-15:30 referat 5<br \/>\n15:40-16:10 przerwa kawowa<br \/>\n16:10-16:30 referat 6<br \/>\n16:40-17:00 referat 7<br \/>\n18:30-23:00 bankiet (hotel Novotel, Armii Krajowej 11)<\/p>\n<p>niedziela (25.05.2025):<br \/>\nwykwaterowanie i wyjazd<\/p>\n","protected":false},"excerpt":{"rendered":"<p>czwartek (22.05.2025): 8:00-9:20 rejestracja 9:20-9:30 rozpocz\u0119cie konferencji 9:30-10:30 wyk\u0142ad 1 10:30-11:00 przerwa kawowa 11:00-12:00 wyk\u0142ad 2 12:00-14:00 obiad 14:00-14:20 referat 1 14:30-14:50 referat 2 15:00-15:20 &hellip;<\/p>\n","protected":false},"author":2,"featured_media":0,"parent":0,"menu_order":0,"comment_status":"closed","ping_status":"closed","template":"","meta":{"footnotes":""},"class_list":["post-94","page","type-page","status-publish","hentry"],"_links":{"self":[{"href":"https:\/\/obliczaalgebry.uken.krakow.pl\/vi\/wp-json\/wp\/v2\/pages\/94","targetHints":{"allow":["GET"]}}],"collection":[{"href":"https:\/\/obliczaalgebry.uken.krakow.pl\/vi\/wp-json\/wp\/v2\/pages"}],"about":[{"href":"https:\/\/obliczaalgebry.uken.krakow.pl\/vi\/wp-json\/wp\/v2\/types\/page"}],"author":[{"embeddable":true,"href":"https:\/\/obliczaalgebry.uken.krakow.pl\/vi\/wp-json\/wp\/v2\/users\/2"}],"replies":[{"embeddable":true,"href":"https:\/\/obliczaalgebry.uken.krakow.pl\/vi\/wp-json\/wp\/v2\/comments?post=94"}],"version-history":[{"count":13,"href":"https:\/\/obliczaalgebry.uken.krakow.pl\/vi\/wp-json\/wp\/v2\/pages\/94\/revisions"}],"predecessor-version":[{"id":604,"href":"https:\/\/obliczaalgebry.uken.krakow.pl\/vi\/wp-json\/wp\/v2\/pages\/94\/revisions\/604"}],"wp:attachment":[{"href":"https:\/\/obliczaalgebry.uken.krakow.pl\/vi\/wp-json\/wp\/v2\/media?parent=94"}],"curies":[{"name":"wp","href":"https:\/\/api.w.org\/{rel}","templated":true}]}}