{"id":96,"date":"2022-11-11T09:40:24","date_gmt":"2022-11-11T08:40:24","guid":{"rendered":"https:\/\/obliczaalgebry.up.krakow.pl\/v\/?page_id=96"},"modified":"2025-05-20T11:42:09","modified_gmt":"2025-05-20T09:42:09","slug":"program-szczegolowy","status":"publish","type":"page","link":"https:\/\/obliczaalgebry.uken.krakow.pl\/vi\/program-szczegolowy\/","title":{"rendered":"Program Szczeg\u00f3\u0142owy"},"content":{"rendered":"<h6><strong>Wszystkie wyk\u0142ady i referaty odbywaj\u0105 si\u0119 w budynku g\u0142\u00f3wnym Uniwersytetu Pedagogicznego ul. Podchor\u0105\u017cych 2, w Auli A1 (wej\u015bcie od ul. Adama Chmiela)<\/strong><\/h6>\n<figure class=\"table\" style=\"height:1281px\">\n<table class=\"ck-table-resized\" border=\"10\" width=\"412\" cellspacing=\"0\">\n<colgroup width=\"96\">\n<col style=\"width:50%\">\n<col style=\"width:50%\">\n        <\/colgroup>\n<colgroup width=\"307\">&nbsp;<\/colgroup>\n<tbody>\n<tr>\n<td style=\"text-align:center\" colspan=\"2\" valign=\"middle\" height=\"18\"><strong>Czwartek (22.05)<\/strong><\/td>\n<\/tr>\n<tr>\n<td style=\"text-align:center\" valign=\"middle\" height=\"19\"><span style=\"font-family:Liberation Serif\"><strong>8:00-9:20<\/strong><\/span><\/td>\n<td style=\"text-align:center\" valign=\"middle\"><strong>rejestracja<\/strong><\/td>\n<\/tr>\n<tr>\n<td style=\"text-align:center\" valign=\"middle\" height=\"19\"><span style=\"font-family:Liberation Serif\"><strong>9:20-9:30<\/strong><\/span><\/td>\n<td style=\"text-align:center\" valign=\"middle\"><strong>rozpocz\u0119cie konferencji<\/strong><\/td>\n<\/tr>\n<tr>\n<td style=\"text-align:center\" valign=\"middle\" height=\"70\"><span style=\"font-family:Liberation Serif\"><strong>9:30-10:30<\/strong><\/span><\/td>\n<td style=\"text-align:center\" valign=\"middle\"><strong>dr hab. Andrzej Wi\u015bnicki (UPwL)<\/strong><br \/><i>Miary niezmiennicze dla p\u00f3\u0142grup Markowa na przestrzeniach metrycznych<\/i><\/td>\n<\/tr>\n<tr>\n<td style=\"text-align:center\" valign=\"middle\" height=\"19\"><span style=\"font-family:Liberation Serif\"><strong>10:30-11:00<\/strong><\/span><\/td>\n<td style=\"text-align:center\" valign=\"middle\"><strong>przerwa kawowa<\/strong><\/td>\n<\/tr>\n<tr>\n<td style=\"text-align:center\" valign=\"middle\" height=\"36\"><span style=\"font-family:Liberation Serif\"><strong>11:00-12:00<\/strong><\/span><\/td>\n<td style=\"text-align:center\" valign=\"middle\"><strong>dr Micha\u0142 Laso\u0144 (IMPAN)<\/strong><br \/><i>Wok\u00f3\u0142 Combinatorial Nullstellensatz<\/i><\/td>\n<\/tr>\n<tr>\n<td style=\"text-align:center\" valign=\"middle\" height=\"19\"><span style=\"font-family:Liberation Serif\"><strong>12:00-14:00<\/strong><\/span><\/td>\n<td style=\"text-align:center\" valign=\"middle\"><strong>przerwa obiadowa<\/strong><\/td>\n<\/tr>\n<tr>\n<td style=\"text-align:center\" valign=\"middle\" height=\"53\"><span style=\"font-family:Liberation Serif\"><strong>14:00-14:20<\/strong><\/span><\/td>\n<td style=\"text-align:center\" valign=\"middle\"><strong>dr Sylwia Cichacz (AGH)<\/strong><br \/><i>Podzia\u0142 sko\u0144czonej grupy przemiennej na podzbiory o sumie zero<\/i><\/td>\n<\/tr>\n<tr>\n<td style=\"text-align:center\" valign=\"middle\" height=\"53\"><span style=\"font-family:Liberation Serif\"><strong>14:30-14:50<\/strong><\/span><\/td>\n<td style=\"text-align:center\" valign=\"middle\"><strong>prof. dr hab. Yury Muranov (UWM)<\/strong><br \/><i>Topologia algebraiczna na grafach skierowanych<\/i><\/td>\n<\/tr>\n<tr>\n<td style=\"text-align:center\" valign=\"middle\" height=\"36\"><span style=\"font-family:Liberation Serif\"><strong>15:00-15:20<\/strong><\/span><\/td>\n<td style=\"text-align:center\" valign=\"middle\"><strong>mgr Kamil Orzechowski (URz)<\/strong><br \/><i>Wz\u00f3r na d\u0142ugo\u015b\u0107 przesuni\u0119cia w grupach izometrii drzew<\/i><\/td>\n<\/tr>\n<tr>\n<td style=\"text-align:center\" valign=\"middle\" height=\"36\"><span style=\"font-family:Liberation Serif\"><strong>15:30-15:50<\/strong><\/span><\/td>\n<td style=\"text-align:center\" valign=\"middle\"><strong>mgr Kamil Zabielski (PB)<\/strong><br \/><i>O magmach anty\u0142\u0105cznych<\/i><\/td>\n<\/tr>\n<tr>\n<td style=\"text-align:center\" valign=\"middle\" height=\"19\"><span style=\"font-family:Liberation Serif\"><strong>16:00-16:30<\/strong><\/span><\/td>\n<td style=\"text-align:center\" valign=\"middle\"><strong>przerwa kawowa<\/strong><\/td>\n<\/tr>\n<tr>\n<td style=\"text-align:center\" valign=\"middle\" height=\"53\"><span style=\"font-family:Liberation Serif\"><strong>16:30-16:50<\/strong><\/span><\/td>\n<td style=\"text-align:center\" valign=\"middle\"><strong>dr Agnieszka Stocka (UwB)<\/strong><br \/><i>Uog\u00f3lnienia krat modularnych<\/i><\/td>\n<\/tr>\n<tr>\n<td style=\"text-align:center\" valign=\"middle\" height=\"36\"><span style=\"font-family:Liberation Serif\"><strong>17:00-17:20<\/strong><\/span><\/td>\n<td style=\"text-align:center\" valign=\"middle\"><strong>mgr in\u017c. Adam Mata (PW)<\/strong><br \/><i>Niesko\u0144czone geometrie wypuk\u0142e zachowuj\u0105ce sumow\u0105 p\u00f3\u0142-rozdzielno\u015b\u0107 i doln\u0105 p\u00f3\u0142-modularno\u015b\u0107<\/i><\/td>\n<\/tr>\n<tr>\n<td style=\"text-align:center\" valign=\"middle\" height=\"36\"><span style=\"font-family:Liberation Serif\"><strong>17:30-17:50<\/strong><\/span><\/td>\n<td style=\"text-align:center\" valign=\"middle\"><strong>mgr Artur Bromboszcz (UKEN)<\/strong><br \/><i>Kombinatoryczne w\u0142asno\u015bci plus-jeden generowanych uk\u0142ad\u00f3w prostych<\/i><\/td>\n<\/tr>\n<tr>\n<td style=\"text-align:center\" valign=\"middle\" height=\"53\"><span style=\"font-family:Liberation Serif\"><strong>18:00-18:20<\/strong><\/span><\/td>\n<td style=\"text-align:center\" valign=\"middle\"><strong>mgr Izabela Le\u015bniak (UKEN)<\/strong><br \/><i>Rzeczywiste M-uk\u0142ady prostych<\/i><\/td>\n<\/tr>\n<\/tbody>\n<\/table>\n<\/figure>\n<figure class=\"table\" style=\"height:1324px\">\n<table class=\"ck-table-resized\" border=\"10\" width=\"423\" cellspacing=\"0\">\n<colgroup width=\"96\">\n<col style=\"width:50%\">\n<col style=\"width:50%\">\n        <\/colgroup>\n<colgroup width=\"307\">&nbsp;<\/colgroup>\n<tbody>\n<tr>\n<td style=\"text-align:center\" colspan=\"2\" valign=\"middle\" height=\"18\"><strong>Pi\u0105tek (23.05)<\/strong><\/td>\n<\/tr>\n<tr>\n<td style=\"text-align:center\" valign=\"middle\" height=\"36\"><span style=\"font-family:Liberation Serif\"><strong>8:30-9:30<\/strong><\/span><\/td>\n<td style=\"text-align:center\" valign=\"middle\"><strong>dr hab. Joachim Jelisiejew (UW)<\/strong><br \/><i>Jedna, dwie, trzy parami przemienne macierze<\/i><\/td>\n<\/tr>\n<tr>\n<td style=\"text-align:center\" valign=\"middle\" height=\"19\"><span style=\"font-family:Liberation Serif\"><strong>9:40-10:40<\/strong><\/span><\/td>\n<td style=\"text-align:center\" valign=\"middle\"><strong>dr Jolanta Marzec-Ballesteros (UAM)<\/strong><br \/><i>Interakcje pomi\u0119dzy kodami liniowymi i formami automorficznymi<\/i><\/td>\n<\/tr>\n<tr>\n<td style=\"text-align:center\" valign=\"middle\" height=\"53\"><span style=\"font-family:Liberation Serif\"><strong>10:40-11:00<\/strong><\/span><\/td>\n<td style=\"text-align:center\" valign=\"middle\"><strong>przerwa kawowa<\/strong><\/td>\n<\/tr>\n<tr>\n<td style=\"text-align:center\" valign=\"middle\" height=\"53\"><span style=\"font-family:Liberation Serif\"><strong>11:10-11:30<\/strong><\/span><\/td>\n<td style=\"text-align:center\" valign=\"middle\"><strong>dr Maria Michalska (ICMC USP)<\/strong><br \/><i>O topologiach noetherowskich i Nullstellensatze<\/i><\/td>\n<\/tr>\n<tr>\n<td style=\"text-align:center\" valign=\"middle\" height=\"36\"><span style=\"font-family:Liberation Serif\"><strong>11:40-12:00<\/strong><\/span><\/td>\n<td style=\"text-align:center\" valign=\"middle\"><strong>dr hab. Krzysztof Jan Nowak (UJ)<\/strong><br \/><i>Stratyfikacje i opis term\u00f3w nad cia\u0142ami henselowskimi ze struktur\u0105 analityczn\u0105<\/i><\/td>\n<\/tr>\n<tr>\n<td style=\"text-align:center\" valign=\"middle\" height=\"19\"><span style=\"font-family:Liberation Serif\"><strong>12:10-14:10<\/strong><\/span><\/td>\n<td style=\"text-align:center\" valign=\"middle\"><strong>przerwa obiadowa<\/strong><\/td>\n<\/tr>\n<tr>\n<td style=\"text-align:center\" valign=\"middle\" height=\"36\"><span style=\"font-family:Liberation Serif\"><strong>14:10-14:30<\/strong><\/span><\/td>\n<td style=\"text-align:center\" valign=\"middle\"><strong>dr Bartosz Sobolewski (UJ)<\/strong><br \/><i>Ci\u0105g Fibonacciego spotyka ci\u0105gi binarne<\/i><\/td>\n<\/tr>\n<tr>\n<td style=\"text-align:center\" valign=\"middle\" height=\"53\"><span style=\"font-family:Liberation Serif\"><strong>14:40-15:00<\/strong><\/span><\/td>\n<td style=\"text-align:center\" valign=\"middle\"><strong>dr Karol Gryszka (UKEN)<\/strong><br \/><i>Operator r\u00f3\u017cnicowy w ci\u0105gach rekurencyjnych<\/i><\/td>\n<\/tr>\n<tr>\n<td style=\"text-align:center\" valign=\"middle\" height=\"53\"><span style=\"font-family:Liberation Serif\"><strong>15:10-15:30<\/strong><\/span><\/td>\n<td style=\"text-align:center\" valign=\"middle\"><strong>dr Krystian Gajdzica (UJ)<\/strong><br \/><i>O pewnych uog\u00f3lnieniach funkcji partycji<\/i><\/td>\n<\/tr>\n<tr>\n<td style=\"text-align:center\" valign=\"middle\" height=\"36\"><span style=\"font-family:Liberation Serif\"><strong>15:40-16:00<\/strong><\/span><\/td>\n<td style=\"text-align:center\" valign=\"middle\"><strong>dr Maciej Zakarczemny (PK)<\/strong><br \/><i>O ostatnim r\u00f3wnaniu Erdosa<\/i><\/td>\n<\/tr>\n<tr>\n<td style=\"text-align:center\" valign=\"middle\" height=\"19\"><span style=\"font-family:Liberation Serif\"><strong>16:10-16:40<\/strong><\/span><\/td>\n<td style=\"text-align:center\" valign=\"middle\"><strong>przerwa kawowa<\/strong><\/td>\n<\/tr>\n<tr>\n<td style=\"text-align:center\" valign=\"middle\" height=\"53\"><span style=\"font-family:Liberation Serif\"><strong>16:40-17:00<\/strong><\/span><\/td>\n<td style=\"text-align:center\" valign=\"middle\"><strong>dr hab. Maciej Ulas (UJ)<\/strong><br \/><i>Punkty wymierne na diagonalnych kwintykach wymiaru 3<\/i><\/td>\n<\/tr>\n<tr>\n<td style=\"text-align:center\" valign=\"middle\" height=\"53\"><span style=\"font-family:Liberation Serif\"><strong>17:10-17:30<\/strong><\/span><\/td>\n<td style=\"text-align:center\" valign=\"middle\"><strong>dr Tomasz Kowalczyk (UJ)<\/strong><br \/><i>Sumy kwadrat\u00f3w funkcji regularnych na rzeczywistych powierzchniach wymiernych<\/i><\/td>\n<\/tr>\n<tr>\n<td style=\"text-align:center\" valign=\"middle\" height=\"36\"><span style=\"font-family:Liberation Serif\"><strong>17:40-18:00<\/strong><\/span><\/td>\n<td style=\"text-align:center\" valign=\"middle\"><strong>Bart\u0142omiej Bychawski (UJ)<\/strong><br \/><i>Zbi\u00f3r z\u0142ych punkt\u00f3w rz\u0119du 4<\/i><\/td>\n<\/tr>\n<tr>\n<td style=\"text-align:center\" valign=\"middle\" height=\"36\"><span style=\"font-family:Liberation Serif\"><strong>18:00-18:20<\/strong><\/span><\/td>\n<td style=\"text-align:center\" valign=\"middle\"><strong>dr \u0141ukasz Matysiak (WAT)<\/strong><br \/><i>Algebraiczne aspekty nowej teorii preferencji konsumenta<\/i><\/td>\n<\/td>\n<\/tr>\n<\/tbody>\n<\/table>\n<\/figure>\n<figure class=\"table\" style=\"height:1144px\">\n<table class=\"ck-table-resized\" border=\"10\" width=\"415\" cellspacing=\"0\">\n<colgroup width=\"96\">\n<col style=\"width:50%\">\n<col style=\"width:50%\">\n        <\/colgroup>\n<colgroup width=\"307\">&nbsp;<\/colgroup>\n<tbody>\n<tr>\n<td style=\"text-align:center\" colspan=\"2\" valign=\"middle\" height=\"18\"><strong>Sobota (24.05)<\/strong><\/td>\n<\/tr>\n<tr>\n<td style=\"text-align:center\" valign=\"middle\" height=\"36\"><span style=\"font-family:Liberation Serif\"><strong>8:30-9:30<\/strong><\/span><\/td>\n<td style=\"text-align:center\" valign=\"middle\"><strong>dr hab. Pawe\u0142 G\u0142adki (U\u015a)<\/strong><br \/><i>Naturalne homomorfizmy Witta ordynk\u00f3w<\/i><\/td>\n<\/tr>\n<tr>\n<td style=\"text-align:center\" valign=\"middle\" height=\"19\"><span style=\"font-family:Liberation Serif\"><strong>9:30-10:30<\/strong><\/span><\/td>\n<td style=\"text-align:center\" valign=\"middle\"><strong>dr in\u017c. Micha\u0142 Stronkowski (PW)<\/strong><br \/><i>Por\u00f3wnywanie logik oraz p-morfizmy<\/i><\/td>\n<\/tr>\n<tr>\n<td style=\"text-align:center\" valign=\"middle\" height=\"53\"><span style=\"font-family:Liberation Serif\"><strong>10:40-11:10<\/strong><\/span><\/td>\n<td style=\"text-align:center\" valign=\"middle\"><strong>przerwa kawowa<\/strong><\/td>\n<\/tr>\n<tr>\n<td style=\"text-align:center\" valign=\"middle\" height=\"53\"><span style=\"font-family:Liberation Serif\"><strong>11:10-11:30<\/strong><\/span><\/td>\n<td style=\"text-align:center\" valign=\"middle\"><strong>dr Karol Pryszczepko (UwB)<\/strong><br \/><i>Idea\u0142y istotne w pier\u015bcieniach macierzy<\/i><\/td>\n<\/tr>\n<tr>\n<td style=\"text-align:center\" valign=\"middle\" height=\"36\"><span style=\"font-family:Liberation Serif\"><strong>11:40-12:00<\/strong><\/span><\/td>\n<td style=\"text-align:center\" valign=\"middle\"><strong>dr Mateusz Woronowicz (UwB)<\/strong><br \/><i>Grupy addytywne pier\u015bcieni Hamiltona, a grupy addytywne pier\u015bcieni przemiennych<\/i><\/td>\n<\/tr>\n<tr>\n<td style=\"text-align:center\" valign=\"middle\" height=\"19\"><span style=\"font-family:Liberation Serif\"><strong>12:10-14:10<\/strong><\/span><\/td>\n<td style=\"text-align:center\" valign=\"middle\"><strong>przerwa obiadowa<\/strong><\/td>\n<\/tr>\n<tr>\n<td style=\"text-align:center\" valign=\"middle\" height=\"36\"><span style=\"font-family:Liberation Serif\"><strong>14:10-14:30<\/strong><\/span><\/td>\n<td style=\"text-align:center\" valign=\"middle\"><strong>dr hab. Czes\u0142aw Bagi\u0144ski (PB)<\/strong><br \/><i>Problem izomorfizmu modularnych algebr grupowych<\/i><\/td>\n<\/tr>\n<tr>\n<td style=\"text-align:center\" valign=\"middle\" height=\"53\"><span style=\"font-family:Liberation Serif\"><strong>14:40-15:00<\/strong><\/span><\/td>\n<td style=\"text-align:center\" valign=\"middle\"><strong>dr hab. Ryszard Mazurek (PB)<\/strong><br \/><i>Anihilatory pier\u015bcieni p\u00f3\u0142grupowych<\/i><\/td>\n<\/tr>\n<tr>\n<td style=\"text-align:center\" valign=\"middle\" height=\"53\"><span style=\"font-family:Liberation Serif\"><strong>15:10-15:30<\/strong><\/span><\/td>\n<td style=\"text-align:center\" valign=\"middle\"><strong>prof. dr hab. Piotr Grzeszczuk (PB)<\/strong><br \/><i>O radykale Jacobsona iloczyn\u00f3w tensorowych algebr*<\/i><\/td>\n<\/tr>\n<tr>\n<td style=\"text-align:center\" valign=\"middle\" height=\"19\"><span style=\"font-family:Liberation Serif\"><strong>15:40-16:00<\/strong><\/span><\/td>\n<td style=\"text-align:center\" valign=\"middle\"><strong>przerwa kawowa<\/strong><\/td>\n<\/tr>\n<tr>\n<td style=\"text-align:center\" valign=\"middle\" height=\"53\"><span style=\"font-family:Liberation Serif\"><strong>16:10-16:30<\/strong><\/span><\/td>\n<td style=\"text-align:center\" valign=\"middle\"><strong>dr Marta Nowakowska (US)<\/strong><br \/><i>Pier\u015bcienie z amalgamacj\u0105 a sumy p\u00f3\u0142prosteh<\/i><\/td>\n<\/tr>\n<tr>\n<td style=\"text-align:center\" valign=\"middle\" height=\"53\"><span style=\"font-family:Liberation Serif\"><strong>16:40-17:00<\/strong><\/span><\/td>\n<td style=\"text-align:center\" valign=\"middle\"><strong>dr hab. Przemys\u0142aw Koprowski (US)<\/strong><br \/><i>Faktoryzacja wielomian\u00f3w kwaternionowych<\/i><\/td>\n<\/tr>\n<tr>\n<td style=\"text-align:center\" valign=\"middle\" height=\"53\"><span style=\"font-family:Liberation Serif\"><strong>18:30-23:00<\/strong><\/span><\/td>\n<td style=\"text-align:center\" valign=\"middle\"><strong>&nbsp;bankiet (hotel Novotel, ul. Armii Krajowej 11)<\/strong><\/td>\n<\/tr>\n<\/tbody>\n<\/table>\n<\/figure>\n<figure class=\"table\">\n<table class=\"ck-table-resized\" border=\"10\" width=\"415\" cellspacing=\"0\">\n<colgroup width=\"96\">\n<col style=\"width:50%\">\n<col style=\"width:50%\">\n        <\/colgroup>\n<colgroup width=\"307\">&nbsp;<\/colgroup>\n<tbody>\n<tr>\n<td style=\"text-align:center\" colspan=\"2\" valign=\"middle\" height=\"18\"><strong>Niedziela (25.05)<\/strong><\/td>\n<\/tr>\n<tr>\n<td style=\"text-align:center\" colspan=\"2\" valign=\"middle\" height=\"18\">Wykwaterowanie i wyjazd<\/strong><\/td>\n<\/tr>\n<\/tbody>\n<\/table>\n<\/figure>\n","protected":false},"excerpt":{"rendered":"<p>Wszystkie wyk\u0142ady i referaty odbywaj\u0105 si\u0119 w budynku g\u0142\u00f3wnym Uniwersytetu Pedagogicznego ul. Podchor\u0105\u017cych 2, w Auli A1 (wej\u015bcie od ul. Adama Chmiela) &nbsp; Czwartek (22.05) &hellip;<\/p>\n","protected":false},"author":2,"featured_media":0,"parent":0,"menu_order":0,"comment_status":"closed","ping_status":"closed","template":"","meta":{"footnotes":""},"class_list":["post-96","page","type-page","status-publish","hentry"],"_links":{"self":[{"href":"https:\/\/obliczaalgebry.uken.krakow.pl\/vi\/wp-json\/wp\/v2\/pages\/96","targetHints":{"allow":["GET"]}}],"collection":[{"href":"https:\/\/obliczaalgebry.uken.krakow.pl\/vi\/wp-json\/wp\/v2\/pages"}],"about":[{"href":"https:\/\/obliczaalgebry.uken.krakow.pl\/vi\/wp-json\/wp\/v2\/types\/page"}],"author":[{"embeddable":true,"href":"https:\/\/obliczaalgebry.uken.krakow.pl\/vi\/wp-json\/wp\/v2\/users\/2"}],"replies":[{"embeddable":true,"href":"https:\/\/obliczaalgebry.uken.krakow.pl\/vi\/wp-json\/wp\/v2\/comments?post=96"}],"version-history":[{"count":39,"href":"https:\/\/obliczaalgebry.uken.krakow.pl\/vi\/wp-json\/wp\/v2\/pages\/96\/revisions"}],"predecessor-version":[{"id":612,"href":"https:\/\/obliczaalgebry.uken.krakow.pl\/vi\/wp-json\/wp\/v2\/pages\/96\/revisions\/612"}],"wp:attachment":[{"href":"https:\/\/obliczaalgebry.uken.krakow.pl\/vi\/wp-json\/wp\/v2\/media?parent=96"}],"curies":[{"name":"wp","href":"https:\/\/api.w.org\/{rel}","templated":true}]}}