{"id":98,"date":"2022-11-11T09:40:39","date_gmt":"2022-11-11T08:40:39","guid":{"rendered":"https:\/\/obliczaalgebry.up.krakow.pl\/v\/?page_id=98"},"modified":"2025-05-20T11:16:47","modified_gmt":"2025-05-20T09:16:47","slug":"lista-wykladow","status":"publish","type":"page","link":"https:\/\/obliczaalgebry.uken.krakow.pl\/vi\/lista-wykladow\/","title":{"rendered":"Lista Wyk\u0142ad\u00f3w"},"content":{"rendered":"<p>Lista wyk\u0142ad\u00f3w Zaproszonych Wyk\u0142adowc\u00f3w:<\/p>\n<ol>\n<li>Pawe\u0142 G\u0142adki &#8211;\u00a0<em>Naturalne homomorfizmy Witta ordynk\u00f3w<\/em><\/li>\n<li>Joachim Jelisiejew &#8211;\u00a0<em>Jedna, dwie, trzy parami przemienne macierze<\/em><\/li>\n<li>Micha\u0142 Laso\u0144 &#8211;\u00a0<em>Wok\u00f3\u0142 Combinatorial Nullstellensatz<\/em><\/li>\n<li>Jolanta Marzec-Ballesteros &#8211;\u00a0<em> Interakcje pomi\u0119dzy kodami liniowymi i formami automorficznymi <\/em><\/li>\n<li>Micha\u0142 Stronkowski &#8211;\u00a0<em>Por\u00f3wnywanie logik oraz p-morfizmy<\/em><\/li>\n<li>Andrzej Wi\u015bnicki &#8211; <em>Miary niezmiennicze dla p\u00f3\u0142grup Markowa na przestrzeniach metrycznych<\/em><\/li>\n<\/ol>\n<p>Lista zaakceptowanych referat\u00f3w Uczestnik\u00f3w:<\/p>\n<ol>\n<li>Czes\u0142aw Bagi\u0144ski &#8211; <em>Problem izomorfizmu modularnych algebr grupowych<\/em><\/li>\n<li>Artur Bromboszcz &#8211; <em>Kombinatoryczne w\u0142asno\u015bci plus-jeden generowanych uk\u0142ad\u00f3w prostych<\/em><\/li>\n<li>Bart\u0142omiej Bychawski &#8211; <em>Zbi\u00f3r z\u0142ych punkt\u00f3w rz\u0119du 4<\/em><\/li>\n<li>Sylwia Cichacz &#8211; <em>Podzia\u0142 sko\u0144czonej grupy przemiennej na podzbiory o sumie zero<\/em><\/li>\n<li>Krystian Gajdzica &#8211; <em>O pewnych uog\u00f3lnieniach funkcji partycji<\/em><\/li>\n<li>Karol Gryszka &#8211; <em>Operator r\u00f3\u017cnicowy w ci\u0105gach rekurencyjnych<\/em><\/li>\n<li>Piotr Grzeszczuk &#8211; <em>O radykale Jacobsona iloczyn\u00f3w tensorowych algebr*<\/em><\/li>\n<li>Przemys\u0142aw Koprowski &#8211; <em>Faktoryzacja wielomian\u00f3w kwaternionowych<\/em><\/li>\n<li>Tomasz Kowalczyk &#8211; <em>Sumy kwadrat\u00f3w funkcji regularnych na rzeczywistych powierzchniach wymiernych<\/em><\/li>\n<li>Izabela Le\u015bniak &#8211; <em>Rzeczywiste M-uk\u0142ady prostych<\/em><\/li>\n<li>Adam Mata &#8211; <em>Niesko\u0144czone geometrie wypuk\u0142e zachowuj\u0105ce sumow\u0105 p\u00f3\u0142-rozdzielno\u015b\u0107 i doln\u0105 p\u00f3\u0142-modularno\u015b\u0107<\/em><\/li>\n<li>\u0141ukasz Matysiak &#8211; <em>Algebraiczne aspekty nowej teorii preferencji konsumenta<\/em><\/li>\n<li>Ryszard Mazurek &#8211; <em>Anihilatory pier\u015bcieni p\u00f3\u0142grupowych<\/em><\/li>\n<li>Maria Michalska &#8211; <em>O topologiach noetherowskich i Nullstellensatze<\/em><\/li>\n<li>Yury Muranov &#8211; <em>Topologia algebraiczna na grafach skierowanych<\/em><\/li>\n<li>Krzysztof Jan Nowak &#8211; <em>Stratyfikacje i opis term\u00f3w nad cia\u0142ami henselowskimi ze struktur\u0105 analityczn\u0105<\/em><\/li>\n<li>Marta Nowakowska &#8211; <em> Pier\u015bcienie z amalgamacj\u0105 a sumy p\u00f3\u0142proste<\/em><\/li>\n<li>Kamil Orzechowski &#8211; <em>Wz\u00f3r na d\u0142ugo\u015b\u0107 przesuni\u0119cia w grupach izometrii drzew<\/em><\/li>\n<li>Karol Pryszczepko &#8211; <em>Idea\u0142y istotne w pier\u015bcieniach macierzy<\/em><\/li>\n<li>Bartosz Sobolewski &#8211; <em>Ci\u0105g Fibonacciego spotyka ci\u0105gi binarne<\/em><\/li>\n<li>Agnieszka Stocka &#8211; <em>Uog\u00f3lnienia krat modularnych<\/em><\/li>\n<li>Maciej Ulas &#8211; <em> Punkty wymierne na diagonalnych kwintykach wymiaru 3<\/em><\/li>\n<li>Mateusz Woronowicz &#8211; <em>Grupy addytywne pier\u015bcieni Hamiltona, a grupy addytywne pier\u015bcieni przemiennych<\/em><\/li>\n<li>Kamil Zabielski &#8211; <em>O magmach anty\u0142\u0105cznych<\/em><\/li>\n<li>Maciej Zakarczemny &#8211; <em> O ostatnim r\u00f3wnaniu Erdosa <\/em><\/li>\n<\/ol>\n","protected":false},"excerpt":{"rendered":"<p>Lista wyk\u0142ad\u00f3w Zaproszonych Wyk\u0142adowc\u00f3w: Pawe\u0142 G\u0142adki &#8211;\u00a0Naturalne homomorfizmy Witta ordynk\u00f3w Joachim Jelisiejew &#8211;\u00a0Jedna, dwie, trzy parami przemienne macierze Micha\u0142 Laso\u0144 &#8211;\u00a0Wok\u00f3\u0142 Combinatorial Nullstellensatz Jolanta Marzec-Ballesteros &hellip;<\/p>\n","protected":false},"author":2,"featured_media":0,"parent":0,"menu_order":0,"comment_status":"closed","ping_status":"closed","template":"","meta":{"footnotes":""},"class_list":["post-98","page","type-page","status-publish","hentry"],"_links":{"self":[{"href":"https:\/\/obliczaalgebry.uken.krakow.pl\/vi\/wp-json\/wp\/v2\/pages\/98","targetHints":{"allow":["GET"]}}],"collection":[{"href":"https:\/\/obliczaalgebry.uken.krakow.pl\/vi\/wp-json\/wp\/v2\/pages"}],"about":[{"href":"https:\/\/obliczaalgebry.uken.krakow.pl\/vi\/wp-json\/wp\/v2\/types\/page"}],"author":[{"embeddable":true,"href":"https:\/\/obliczaalgebry.uken.krakow.pl\/vi\/wp-json\/wp\/v2\/users\/2"}],"replies":[{"embeddable":true,"href":"https:\/\/obliczaalgebry.uken.krakow.pl\/vi\/wp-json\/wp\/v2\/comments?post=98"}],"version-history":[{"count":31,"href":"https:\/\/obliczaalgebry.uken.krakow.pl\/vi\/wp-json\/wp\/v2\/pages\/98\/revisions"}],"predecessor-version":[{"id":610,"href":"https:\/\/obliczaalgebry.uken.krakow.pl\/vi\/wp-json\/wp\/v2\/pages\/98\/revisions\/610"}],"wp:attachment":[{"href":"https:\/\/obliczaalgebry.uken.krakow.pl\/vi\/wp-json\/wp\/v2\/media?parent=98"}],"curies":[{"name":"wp","href":"https:\/\/api.w.org\/{rel}","templated":true}]}}